{"id":8476,"date":"2024-04-12T09:04:35","date_gmt":"2024-04-12T07:04:35","guid":{"rendered":"https:\/\/delphy.nl\/product\/brochure-metselbijen-inzetten-in-de-fruitteelt\/"},"modified":"2025-01-27T16:31:54","modified_gmt":"2025-01-27T15:31:54","slug":"brochure-metselbijen-inzetten-in-de-fruitteelt","status":"publish","type":"product","link":"https:\/\/delphy.nl\/en\/product\/brochure-metselbijen-inzetten-in-de-fruitteelt\/","title":{"rendered":"Brochure \u2018Metselbijen inzetten in de Fruitteelt\u2019"},"content":{"rendered":"<p>De laatste jaren is er een groeiende belangstelling voor het inzetten van metselbijen in de fruitteelt. Vooral voor vroeg bloeiende gewassen zoals kers en peer, maar ook voor appel en blauwe bes zijn metselbijen interessant. Klimaatverandering maakt de noodzaak van de aanwezigheid van bestuivende insecten nog duidelijker. De bloei van fruitgewassen is hierdoor vervroegd, maar tegelijkertijd is het risico op koude periodes tijdens de bloei toegenomen. Door niet afhankelijk te zijn van \u00e9\u00e9n type bestuiver, ontstaat er meer veerkracht. E\u00e9n van de opties is om metselbijen te introduceren op het bedrijf. Doordat metselbijen eerder uitvliegen is het een optie om deze te introduceren op het bedrijf. De brochure gaat in op het proces van metselbijen introduceren, onderhouden en laten overleven tijdens de winterperiode. Deze brochure is tot stand gekomen vanuit wetenschappelijk onderzoek en ervaring in verschillende projecten.<\/p>\n<h3>Auteurs<\/h3>\n<p>Gerjan Brouwer, Willemijn Cuijpers<\/p>\n<h3>Foto\u2019s<\/h3>\n<p>Gerjan Brouwer, Willemijn Cuijpers, Pieter van Breugel, Martijn Westeneng<\/p>\n<h3>Verschijningsvorm<\/h3>\n<p>U kunt deze brochure in hardcopy aanschaffen waarbij we slechts een bijdrage vragen voor dekking van productiekosten of deze downloaden via <a href=\"https:\/\/delphy.nl\/wp-content\/uploads\/webshop\/Brochure-metselbijen-web.pdf\" target=\"_blank\" rel=\"noopener\">deze link.<\/a><\/p>\n","protected":false},"excerpt":{"rendered":"Vooral voor vroeg bloeiende fruitteeltgewassen zijn metselbijen interessant. De brochure gaat in op houden van metselbijen in de eigen boomgaard.","protected":false},"author":4,"featured_media":8479,"template":"","meta":{"_acf_changed":false},"product_brand":[],"product_cat":[1554],"product_tag":[2181,2182,2179,2180],"class_list":{"0":"post-8476","1":"product","2":"type-product","3":"status-publish","4":"has-post-thumbnail","6":"product_cat-eenmalige-of-losse-bestelling","7":"product_tag-biodiversiteit","8":"product_tag-biologisch","9":"product_tag-fruitteelt","10":"product_tag-metselbijen","12":"first","13":"instock","14":"virtual","15":"taxable","16":"purchasable","17":"product-type-simple"},"acf":[],"yoast_head":"<!-- This site is optimized with the Yoast SEO plugin v27.3 - https:\/\/yoast.com\/product\/yoast-seo-wordpress\/ -->\n<title>Brochure \u2018Metselbijen inzetten in de Fruitteelt\u2019 - Delphy<\/title>\n<meta name=\"description\" content=\"Het inzetten van metselbijen in de fruitteelt is vooral interessant voor vroeg bloeiende gewassen zoals kers en peer, maar ook voor appel en blauwe bes.\" \/>\n<meta name=\"robots\" content=\"index, follow, max-snippet:-1, max-image-preview:large, max-video-preview:-1\" \/>\n<link rel=\"canonical\" href=\"https:\/\/delphy.nl\/en\/product\/brochure-metselbijen-inzetten-in-de-fruitteelt\/\" \/>\n<meta property=\"og:locale\" content=\"en_US\" \/>\n<meta property=\"og:type\" content=\"article\" \/>\n<meta property=\"og:title\" content=\"Brochure \u2018Metselbijen inzetten in de Fruitteelt\u2019 - Delphy\" \/>\n<meta property=\"og:description\" content=\"Het inzetten van metselbijen in de fruitteelt is vooral interessant voor vroeg bloeiende gewassen zoals kers en peer, maar ook voor appel en blauwe bes.\" \/>\n<meta property=\"og:url\" content=\"https:\/\/delphy.nl\/en\/product\/brochure-metselbijen-inzetten-in-de-fruitteelt\/\" \/>\n<meta property=\"og:site_name\" content=\"Delphy\" \/>\n<meta property=\"article:modified_time\" content=\"2025-01-27T15:31:54+00:00\" \/>\n<meta property=\"og:image\" content=\"https:\/\/delphy.nl\/wp-content\/uploads\/cover-brochure-bij-2022-e1712912096940.png\" \/>\n\t<meta property=\"og:image:width\" content=\"600\" \/>\n\t<meta property=\"og:image:height\" content=\"603\" \/>\n\t<meta property=\"og:image:type\" content=\"image\/png\" \/>\n<meta name=\"twitter:card\" content=\"summary_large_image\" \/>\n<meta name=\"twitter:label1\" content=\"Est. reading time\" \/>\n\t<meta name=\"twitter:data1\" content=\"2 minutes\" \/>\n<script type=\"application\/ld+json\" class=\"yoast-schema-graph\">{\"@context\":\"https:\\\/\\\/schema.org\",\"@graph\":[{\"@type\":\"WebPage\",\"@id\":\"https:\\\/\\\/delphy.nl\\\/en\\\/product\\\/brochure-metselbijen-inzetten-in-de-fruitteelt\\\/\",\"url\":\"https:\\\/\\\/delphy.nl\\\/en\\\/product\\\/brochure-metselbijen-inzetten-in-de-fruitteelt\\\/\",\"name\":\"Brochure \u2018Metselbijen inzetten in de Fruitteelt\u2019 - Delphy\",\"isPartOf\":{\"@id\":\"https:\\\/\\\/delphy.nl\\\/en\\\/#website\"},\"primaryImageOfPage\":{\"@id\":\"https:\\\/\\\/delphy.nl\\\/en\\\/product\\\/brochure-metselbijen-inzetten-in-de-fruitteelt\\\/#primaryimage\"},\"image\":{\"@id\":\"https:\\\/\\\/delphy.nl\\\/en\\\/product\\\/brochure-metselbijen-inzetten-in-de-fruitteelt\\\/#primaryimage\"},\"thumbnailUrl\":\"https:\\\/\\\/delphy.nl\\\/wp-content\\\/uploads\\\/cover-brochure-bij-2022-e1712912096940.png\",\"datePublished\":\"2024-04-12T07:04:35+00:00\",\"dateModified\":\"2025-01-27T15:31:54+00:00\",\"description\":\"Het inzetten van metselbijen in de fruitteelt is vooral interessant voor vroeg bloeiende gewassen zoals kers en peer, maar ook voor appel en blauwe bes.\",\"breadcrumb\":{\"@id\":\"https:\\\/\\\/delphy.nl\\\/en\\\/product\\\/brochure-metselbijen-inzetten-in-de-fruitteelt\\\/#breadcrumb\"},\"inLanguage\":\"en-US\",\"potentialAction\":[{\"@type\":\"ReadAction\",\"target\":[\"https:\\\/\\\/delphy.nl\\\/en\\\/product\\\/brochure-metselbijen-inzetten-in-de-fruitteelt\\\/\"]}]},{\"@type\":\"ImageObject\",\"inLanguage\":\"en-US\",\"@id\":\"https:\\\/\\\/delphy.nl\\\/en\\\/product\\\/brochure-metselbijen-inzetten-in-de-fruitteelt\\\/#primaryimage\",\"url\":\"https:\\\/\\\/delphy.nl\\\/wp-content\\\/uploads\\\/cover-brochure-bij-2022-e1712912096940.png\",\"contentUrl\":\"https:\\\/\\\/delphy.nl\\\/wp-content\\\/uploads\\\/cover-brochure-bij-2022-e1712912096940.png\",\"width\":600,\"height\":603},{\"@type\":\"BreadcrumbList\",\"@id\":\"https:\\\/\\\/delphy.nl\\\/en\\\/product\\\/brochure-metselbijen-inzetten-in-de-fruitteelt\\\/#breadcrumb\",\"itemListElement\":[{\"@type\":\"ListItem\",\"position\":1,\"name\":\"Home\",\"item\":\"https:\\\/\\\/delphy.nl\\\/en\\\/\"},{\"@type\":\"ListItem\",\"position\":2,\"name\":\"Brochure \u2018Metselbijen inzetten in de Fruitteelt\u2019\"}]},{\"@type\":\"WebSite\",\"@id\":\"https:\\\/\\\/delphy.nl\\\/en\\\/#website\",\"url\":\"https:\\\/\\\/delphy.nl\\\/en\\\/\",\"name\":\"Delphy\",\"description\":\"We Make Growers Better!\",\"potentialAction\":[{\"@type\":\"SearchAction\",\"target\":{\"@type\":\"EntryPoint\",\"urlTemplate\":\"https:\\\/\\\/delphy.nl\\\/en\\\/?s={search_term_string}\"},\"query-input\":{\"@type\":\"PropertyValueSpecification\",\"valueRequired\":true,\"valueName\":\"search_term_string\"}}],\"inLanguage\":\"en-US\"}]}<\/script>\n<!-- \/ Yoast SEO plugin. -->","yoast_head_json":{"title":"Brochure \u2018Metselbijen inzetten in de Fruitteelt\u2019 - Delphy","description":"Het inzetten van metselbijen in de fruitteelt is vooral interessant voor vroeg bloeiende gewassen zoals kers en peer, maar ook voor appel en blauwe bes.","robots":{"index":"index","follow":"follow","max-snippet":"max-snippet:-1","max-image-preview":"max-image-preview:large","max-video-preview":"max-video-preview:-1"},"canonical":"https:\/\/delphy.nl\/en\/product\/brochure-metselbijen-inzetten-in-de-fruitteelt\/","og_locale":"en_US","og_type":"article","og_title":"Brochure \u2018Metselbijen inzetten in de Fruitteelt\u2019 - Delphy","og_description":"Het inzetten van metselbijen in de fruitteelt is vooral interessant voor vroeg bloeiende gewassen zoals kers en peer, maar ook voor appel en blauwe bes.","og_url":"https:\/\/delphy.nl\/en\/product\/brochure-metselbijen-inzetten-in-de-fruitteelt\/","og_site_name":"Delphy","article_modified_time":"2025-01-27T15:31:54+00:00","og_image":[{"width":600,"height":603,"url":"https:\/\/delphy.nl\/wp-content\/uploads\/cover-brochure-bij-2022-e1712912096940.png","type":"image\/png"}],"twitter_card":"summary_large_image","twitter_misc":{"Est. reading time":"2 minutes"},"schema":{"@context":"https:\/\/schema.org","@graph":[{"@type":"WebPage","@id":"https:\/\/delphy.nl\/en\/product\/brochure-metselbijen-inzetten-in-de-fruitteelt\/","url":"https:\/\/delphy.nl\/en\/product\/brochure-metselbijen-inzetten-in-de-fruitteelt\/","name":"Brochure \u2018Metselbijen inzetten in de Fruitteelt\u2019 - Delphy","isPartOf":{"@id":"https:\/\/delphy.nl\/en\/#website"},"primaryImageOfPage":{"@id":"https:\/\/delphy.nl\/en\/product\/brochure-metselbijen-inzetten-in-de-fruitteelt\/#primaryimage"},"image":{"@id":"https:\/\/delphy.nl\/en\/product\/brochure-metselbijen-inzetten-in-de-fruitteelt\/#primaryimage"},"thumbnailUrl":"https:\/\/delphy.nl\/wp-content\/uploads\/cover-brochure-bij-2022-e1712912096940.png","datePublished":"2024-04-12T07:04:35+00:00","dateModified":"2025-01-27T15:31:54+00:00","description":"Het inzetten van metselbijen in de fruitteelt is vooral interessant voor vroeg bloeiende gewassen zoals kers en peer, maar ook voor appel en blauwe bes.","breadcrumb":{"@id":"https:\/\/delphy.nl\/en\/product\/brochure-metselbijen-inzetten-in-de-fruitteelt\/#breadcrumb"},"inLanguage":"en-US","potentialAction":[{"@type":"ReadAction","target":["https:\/\/delphy.nl\/en\/product\/brochure-metselbijen-inzetten-in-de-fruitteelt\/"]}]},{"@type":"ImageObject","inLanguage":"en-US","@id":"https:\/\/delphy.nl\/en\/product\/brochure-metselbijen-inzetten-in-de-fruitteelt\/#primaryimage","url":"https:\/\/delphy.nl\/wp-content\/uploads\/cover-brochure-bij-2022-e1712912096940.png","contentUrl":"https:\/\/delphy.nl\/wp-content\/uploads\/cover-brochure-bij-2022-e1712912096940.png","width":600,"height":603},{"@type":"BreadcrumbList","@id":"https:\/\/delphy.nl\/en\/product\/brochure-metselbijen-inzetten-in-de-fruitteelt\/#breadcrumb","itemListElement":[{"@type":"ListItem","position":1,"name":"Home","item":"https:\/\/delphy.nl\/en\/"},{"@type":"ListItem","position":2,"name":"Brochure \u2018Metselbijen inzetten in de Fruitteelt\u2019"}]},{"@type":"WebSite","@id":"https:\/\/delphy.nl\/en\/#website","url":"https:\/\/delphy.nl\/en\/","name":"Delphy","description":"We Make Growers Better!","potentialAction":[{"@type":"SearchAction","target":{"@type":"EntryPoint","urlTemplate":"https:\/\/delphy.nl\/en\/?s={search_term_string}"},"query-input":{"@type":"PropertyValueSpecification","valueRequired":true,"valueName":"search_term_string"}}],"inLanguage":"en-US"}]}},"_links":{"self":[{"href":"https:\/\/delphy.nl\/en\/wp-json\/wp\/v2\/product\/8476","targetHints":{"allow":["GET"]}}],"collection":[{"href":"https:\/\/delphy.nl\/en\/wp-json\/wp\/v2\/product"}],"about":[{"href":"https:\/\/delphy.nl\/en\/wp-json\/wp\/v2\/types\/product"}],"author":[{"embeddable":true,"href":"https:\/\/delphy.nl\/en\/wp-json\/wp\/v2\/users\/4"}],"wp:featuredmedia":[{"embeddable":true,"href":"https:\/\/delphy.nl\/en\/wp-json\/wp\/v2\/media\/8479"}],"wp:attachment":[{"href":"https:\/\/delphy.nl\/en\/wp-json\/wp\/v2\/media?parent=8476"}],"wp:term":[{"taxonomy":"product_brand","embeddable":true,"href":"https:\/\/delphy.nl\/en\/wp-json\/wp\/v2\/product_brand?post=8476"},{"taxonomy":"product_cat","embeddable":true,"href":"https:\/\/delphy.nl\/en\/wp-json\/wp\/v2\/product_cat?post=8476"},{"taxonomy":"product_tag","embeddable":true,"href":"https:\/\/delphy.nl\/en\/wp-json\/wp\/v2\/product_tag?post=8476"}],"curies":[{"name":"wp","href":"https:\/\/api.w.org\/{rel}","templated":true}]}}